{"id":7365,"date":"2025-10-07T21:23:29","date_gmt":"2025-10-07T21:23:29","guid":{"rendered":"https:\/\/mobihome.ge\/?post_type=product&#038;p=7365"},"modified":"2026-02-21T19:38:07","modified_gmt":"2026-02-21T15:38:07","slug":"electrolux-eacs-12hg-b2-n3","status":"publish","type":"product","link":"https:\/\/mobihome.ge\/en\/shop\/electrolux-eacs-12hg-b2-n3\/","title":{"rendered":"ELECTROLUX EACS-12HG-B2\/N3"},"content":{"rendered":"<h1 style=\"text-align: center;\">Features<\/h1>\n<p>&nbsp;<\/p>\n<p style=\"font-weight: 400;\">\u10d2\u10d0\u10d2\u10e0\u10d8\u10da\u10d4\u10d1\u10d8\u10e1 \u10eb\u10d0\u10da\u10d0 3,5 \u10d9\u10d5\u10e2<\/p>\n<p style=\"font-weight: 400;\">\u10d2\u10d0\u10d7\u10d1\u10dd\u10d1\u10d8\u10e1 \u10e1\u10d8\u10db\u10eb\u10da\u10d0\u10d5\u10e0\u10d4 3,8 \u10d9\u10d5\u10e2<\/p>\n<p style=\"font-weight: 400;\">\u10d4\u10dc\u10d4\u10e0\u10d2\u10d8\u10d8\u10e1 \u10db\u10dd\u10ee\u10db\u10d0\u10e0\u10d4\u10d1\u10d0 \u10d2\u10d0\u10d2\u10e0\u10d8\u10da\u10d4\u10d1\u10d8\u10e1\u10d0\u10e1\u00a0\u00a01,09 \u10d9\u10d5\u10e2<\/p>\n<p style=\"font-weight: 400;\">\u10d4\u10dc\u10d4\u10e0\u10d2\u10d8\u10d8\u10e1 \u10db\u10dd\u10ee\u10db\u10d0\u10e0\u10d4\u10d1\u10d0 \u10d2\u10d0\u10d7\u10d1\u10dd\u10d1\u10d8\u10e1\u10d7\u10d5\u10d8\u10e1\u00a01,06 \u10d9\u10d5\u10e2<\/p>\n<p style=\"font-weight: 400;\">\u10f0\u10d0\u10d4\u10e0\u10d8\u10e1 \u10e8\u10d4\u10e1\u10e0\u10e3\u10da\u10d4\u10d1\u10d0 523 \u10db\u00b3\/\u10e1\u10d7<\/p>\n<p style=\"font-weight: 400;\">\u10dd\u10d7\u10d0\u10ee\u10d8\u10e1 \u10e4\u10d0\u10e0\u10d7\u10dd\u10d1\u10d8 40\u10db\u00b2<\/p>\n<p style=\"font-weight: 400;\">\u10ee\u10d0\u10d6\u10d8\u10e1 \u10db\u10d0\u10e5\u10e1\u10d8\u10db\u10d0\u10da\u10e3\u10e0\u10d8 \u10e1\u10d8\u10d2\u10e0\u10eb\u10d4\u00a0\u00a0\u00a020 \u10db<\/p>\n<p style=\"font-weight: 400;\">\u10db\u10d0\u10e5\u10e1\u10d8\u10db\u10d0\u10da\u10e3\u10e0\u10d8 \u10e1\u10d8\u10db\u10d0\u10e6\u10da\u10d8\u10e1 \u10e1\u10ee\u10d5\u10d0\u10dd\u10d1\u10d0 8 \u10db<\/p>\n<p style=\"font-weight: 400;\">\u10d2\u10d0\u10db\u10d0\u10d2\u10e0\u10d8\u10da\u10d4\u10d1\u10d4\u10da\u10d8 R410A<\/p>\n<p style=\"font-weight: 400;\">\u10e8\u10d8\u10d3\u10d0 \u10d1\u10da\u10dd\u10d9\u10d8\u10e1 \u10ee\u10db\u10d0\u10e3\u10e0\u10d8\u10e1 \u10d3\u10dd\u10dc\u10d4\u00a026 \u10d3\u10d1<\/p>\n<p style=\"font-weight: 400;\">\u10d2\u10d0\u10e0\u10d4 \u10d1\u10da\u10dd\u10d9\u10d8\u10e1 \u10ee\u10db\u10d0\u10e3\u10e0\u10d8\u10e1 \u10d3\u10dd\u10dc\u10d4\u00a056 \u10d3\u10d1<\/p>\n<p style=\"font-weight: 400;\">\u10d4\u10dc\u10d4\u10e0\u10d2\u10dd\u10d4\u10e4\u10d4\u10e5\u10e2\u10e3\u10e0\u10dd\u10d1\u10d8\u10e1 \u10d9\u10da\u10d0\u10e1\u10d8\u00a0\u10d0<\/p>\n<p style=\"font-weight: 400;\">\u10d2\u10d0\u10d7\u10d1\u10dd\u10d1\u10d8\u10e1 \u10e0\u10d4\u10df\u10d8\u10db\u10d8<\/p>\n<p style=\"font-weight: 400;\">\u10d2\u10d0\u10d2\u10e0\u10d8\u10da\u10d4\u10d1\u10d8\u10e1 \u10e0\u10d4\u10df\u10d8\u10db\u10d8<\/p>\n<p style=\"font-weight: 400;\">\u10db\u10e8\u10e0\u10d0\u10da\u10d8 \u10e0\u10d4\u10df\u10d8\u10db\u10d8<\/p>\n<p style=\"font-weight: 400;\">\u10d5\u10d4\u10dc\u10e2\u10d8\u10da\u10d0\u10ea\u10d8\u10d8\u10e1 \u10e0\u10d4\u10df\u10d8\u10db\u10d8<\/p>\n<p style=\"font-weight: 400;\">\u10e8\u10d8\u10d3\u10d0 \u10d4\u10e0\u10d7\u10d4\u10e3\u10da\u10d8\u10e1 \u10d6\u10dd\u10db\u10d4\u10d1\u10d8 (W\u00d7H\u00d7D) 802 \u00d7 297 \u00d7 189 \u10db\u10db<\/p>\n<p style=\"font-weight: 400;\">\u10d2\u10d0\u10e0\u10d4 \u10d4\u10e0\u10d7\u10d4\u10e3\u10da\u10d8\u10e1 \u10d6\u10dd\u10db\u10d4\u10d1\u10d8 (W\u00d7H\u00d7D) 770\u00d7555\u00d7300\u10db\u10db<\/p>\n<p style=\"font-weight: 400;\">\u10e8\u10d8\u10d3\u10d0 \u10d4\u10e0\u10d7\u10d4\u10e3\u10da\u10d8\u10e1 \u10ec\u10dd\u10dc\u10d0\u00a08,8 \u10d9\u10d2<\/p>\n<p style=\"font-weight: 400;\">\u10d2\u10d0\u10e0\u10d4 \u10d1\u10da\u10dd\u10d9\u10d8\u10e1 \u10ec\u10dd\u10dc\u10d0 31,2 \u10d9\u10d2<\/p>\n<p style=\"font-weight: 400;\">\u1c94\u10dc\u10d4\u10e0\u10d2\u10d8\u10d8\u10e1 \u10ec\u10e7\u10d0\u10e0\u10dd 220 \u10d5<\/p>\n<p>***\u00a0\u10db\u10ec\u10d0\u10e0\u10db\u10dd\u10d4\u10d1\u10d4\u10da\u10d8 \u10d8\u10e2\u10dd\u10d5\u10d4\u10d1\u10e1 \u10e3\u10e4\u10da\u10d4\u10d1\u10d0\u10e1 \u10ec\u10d8\u10dc\u10d0\u10e1\u10ec\u10d0\u10e0\u10d8 \u10e8\u10d4\u10e2\u10e7\u10dd\u10d1\u10d8\u10dc\u10d4\u10d1\u10d8\u10e1 \u10d2\u10d0\u10e0\u10d4\u10e8\u10d4 \u10e8\u10d4\u10d8\u10e2\u10d0\u10dc\u10dd\u10e1 \u10ea\u10d5\u10da\u10d8\u10da\u10d4\u10d1\u10d4\u10d1\u10d8 \u10de\u10e0\u10dd\u10d3\u10e3\u10e5\u10e2\u10d8\u10e1 \u10db\u10d0\u10ee\u10d0\u10e1\u10d8\u10d0\u10d7\u10d4\u10d1\u10da\u10d4\u10d1\u10e1\u10d0 \u10d3\u10d0 \u10d3\u10d8\u10d6\u10d0\u10d8\u10dc\u10e8\u10d8. \u10db\u10ec\u10d0\u10e0\u10db\u10dd\u10d4\u10d1\u10da\u10d8\u10e1 \u10db\u10d8\u10d4\u10e0 \u10e8\u10d4\u10e2\u10d0\u10dc\u10d8\u10da \u10ea\u10d5\u10da\u10d8\u10da\u10d4\u10d1\u10d4\u10d1\u10d6\u10d4 \u10d9\u10dd\u10db\u10de\u10d0\u10dc\u10d8\u10d0 \u10d0\u10e0 \u10d8\u10e6\u10d4\u10d1\u10e1 \u10de\u10d0\u10e1\u10e3\u10ee\u10d8\u10e1\u10db\u10d2\u10d4\u10d1\u10da\u10dd\u10d1\u10d0\u10e1.<\/p>","protected":false},"excerpt":{"rendered":"<p>\u10db\u10d0\u10ee\u10d0\u10e1\u10d8\u10d0\u10d7\u10d4\u10d1\u10da\u10d4\u10d1\u10d8 &nbsp; \u10d2\u10d0\u10d2\u10e0\u10d8\u10da\u10d4\u10d1\u10d8\u10e1 \u10eb\u10d0\u10da\u10d0 3,5 \u10d9\u10d5\u10e2 \u10d2\u10d0\u10d7\u10d1\u10dd\u10d1\u10d8\u10e1 \u10e1\u10d8\u10db\u10eb\u10da\u10d0\u10d5\u10e0\u10d4 3,8 \u10d9\u10d5\u10e2 \u10d4\u10dc\u10d4\u10e0\u10d2\u10d8\u10d8\u10e1 \u10db\u10dd\u10ee\u10db\u10d0\u10e0\u10d4\u10d1\u10d0 \u10d2\u10d0\u10d2\u10e0\u10d8\u10da\u10d4\u10d1\u10d8\u10e1\u10d0\u10e1\u00a0\u00a01,09 \u10d9\u10d5\u10e2 \u10d4\u10dc\u10d4\u10e0\u10d2\u10d8\u10d8\u10e1 \u10db\u10dd\u10ee\u10db\u10d0\u10e0\u10d4\u10d1\u10d0 \u10d2\u10d0\u10d7\u10d1\u10dd\u10d1\u10d8\u10e1\u10d7\u10d5\u10d8\u10e1\u00a01,06 \u10d9\u10d5\u10e2 \u10f0\u10d0\u10d4\u10e0\u10d8\u10e1 \u10e8\u10d4\u10e1\u10e0\u10e3\u10da\u10d4\u10d1\u10d0<\/p>","protected":false},"featured_media":7366,"template":"","meta":[],"product_brand":[],"product_cat":[1340],"product_tag":[],"class_list":{"0":"post-7365","1":"product","2":"type-product","3":"status-publish","4":"has-post-thumbnail","6":"product_cat-kondicionerebi","7":"pa_brendi-electrolux","9":"first","10":"instock","11":"taxable","12":"shipping-taxable","13":"purchasable","14":"product-type-simple"},"_links":{"self":[{"href":"https:\/\/mobihome.ge\/en\/wp-json\/wp\/v2\/product\/7365","targetHints":{"allow":["GET"]}}],"collection":[{"href":"https:\/\/mobihome.ge\/en\/wp-json\/wp\/v2\/product"}],"about":[{"href":"https:\/\/mobihome.ge\/en\/wp-json\/wp\/v2\/types\/product"}],"version-history":[{"count":1,"href":"https:\/\/mobihome.ge\/en\/wp-json\/wp\/v2\/product\/7365\/revisions"}],"predecessor-version":[{"id":10219,"href":"https:\/\/mobihome.ge\/en\/wp-json\/wp\/v2\/product\/7365\/revisions\/10219"}],"wp:featuredmedia":[{"embeddable":true,"href":"https:\/\/mobihome.ge\/en\/wp-json\/wp\/v2\/media\/7366"}],"wp:attachment":[{"href":"https:\/\/mobihome.ge\/en\/wp-json\/wp\/v2\/media?parent=7365"}],"wp:term":[{"taxonomy":"product_brand","embeddable":true,"href":"https:\/\/mobihome.ge\/en\/wp-json\/wp\/v2\/product_brand?post=7365"},{"taxonomy":"product_cat","embeddable":true,"href":"https:\/\/mobihome.ge\/en\/wp-json\/wp\/v2\/product_cat?post=7365"},{"taxonomy":"product_tag","embeddable":true,"href":"https:\/\/mobihome.ge\/en\/wp-json\/wp\/v2\/product_tag?post=7365"}],"curies":[{"name":"wp","href":"https:\/\/api.w.org\/{rel}","templated":true}]}}